{"id":105,"date":"2026-01-21T08:49:20","date_gmt":"2026-01-21T07:49:20","guid":{"rendered":"https:\/\/margaretsalonfryzierski.pl\/?page_id=105"},"modified":"2026-02-11T16:01:49","modified_gmt":"2026-02-11T15:01:49","slug":"o-nas","status":"publish","type":"page","link":"https:\/\/margaretsalonfryzierski.pl\/?page_id=105","title":{"rendered":"O nas"},"content":{"rendered":"\t\t<div data-elementor-type=\"wp-page\" data-elementor-id=\"105\" class=\"elementor elementor-105\" data-elementor-post-type=\"page\">\n\t\t\t\t\t\t<section class=\"elementor-section elementor-top-section elementor-element elementor-element-29e0200 elementor-section-full_width elementor-section-height-default elementor-section-height-default\" data-id=\"29e0200\" data-element_type=\"section\">\n\t\t\t\t\t\t<div class=\"elementor-container elementor-column-gap-default\">\n\t\t\t\t\t<div class=\"elementor-column elementor-col-100 elementor-top-column elementor-element elementor-element-4710277\" data-id=\"4710277\" data-element_type=\"column\">\n\t\t\t<div class=\"elementor-widget-wrap elementor-element-populated\">\n\t\t\t\t\t\t<div class=\"elementor-element elementor-element-7c627c3 elementor-widget elementor-widget-heading\" data-id=\"7c627c3\" data-element_type=\"widget\" data-widget_type=\"heading.default\">\n\t\t\t\t\t<h2 class=\"elementor-heading-title elementor-size-default\">O NAS<\/h2>\t\t\t\t<\/div>\n\t\t\t\t<div class=\"elementor-element elementor-element-13bf704 elementor-widget-divider--view-line elementor-widget elementor-widget-divider\" data-id=\"13bf704\" data-element_type=\"widget\" data-widget_type=\"divider.default\">\n\t\t\t\t\t\t\t<div class=\"elementor-divider\">\n\t\t\t<span class=\"elementor-divider-separator\">\n\t\t\t\t\t\t<\/span>\n\t\t<\/div>\n\t\t\t\t\t\t<\/div>\n\t\t\t\t<section class=\"elementor-section elementor-inner-section elementor-element elementor-element-7f7ce9c elementor-section-boxed elementor-section-height-default elementor-section-height-default\" data-id=\"7f7ce9c\" data-element_type=\"section\">\n\t\t\t\t\t\t<div class=\"elementor-container elementor-column-gap-default\">\n\t\t\t\t\t<div class=\"elementor-column elementor-col-50 elementor-inner-column elementor-element elementor-element-1f5a2c9\" data-id=\"1f5a2c9\" data-element_type=\"column\">\n\t\t\t<div class=\"elementor-widget-wrap elementor-element-populated\">\n\t\t\t\t\t\t<div class=\"elementor-element elementor-element-28fa756 elementor-widget elementor-widget-text-editor\" data-id=\"28fa756\" data-element_type=\"widget\" data-widget_type=\"text-editor.default\">\n\t\t\t\t\t\t\t\t\t<p>\u0141\u0105czymy do\u015bwiadczenie, kreatywno\u015b\u0107<br \/>i najnowsze trendy fryzjerskie. Specjalizujemy si\u0119 w nowoczesnych ci\u0119ciach, koloryzacjach<br \/>i piel\u0119gnacji w\u0142os\u00f3w, dopasowanych do stylu \u017cycia naszych klient\u00f3w. Pracujemy na wysokiej jako\u015bci produktach<br \/>i nieustannie rozwijamy swoje umiej\u0119tno\u015bci. Tworzymy fryzury, kt\u00f3re podkre\u015blaj\u0105 naturalne pi\u0119kno<br \/>i charakter.<\/p>\t\t\t\t\t\t\t\t<\/div>\n\t\t\t\t\t<\/div>\n\t\t<\/div>\n\t\t\t\t<div class=\"elementor-column elementor-col-50 elementor-inner-column elementor-element elementor-element-d2c6958\" data-id=\"d2c6958\" data-element_type=\"column\">\n\t\t\t<div class=\"elementor-widget-wrap elementor-element-populated\">\n\t\t\t\t\t\t<div class=\"elementor-element elementor-element-2d57433 elementor-widget elementor-widget-image\" data-id=\"2d57433\" data-element_type=\"widget\" data-widget_type=\"image.default\">\n\t\t\t\t\t\t\t\t\t\t\t\t\t\t\t<img decoding=\"async\" src=\"https:\/\/margaretsalonfryzierski.pl\/wp-content\/uploads\/elementor\/thumbs\/79-scaled-rikfuiy6gar5tgc100u4dfb400r1guzobquedakdp4.jpg\" title=\"(79)\" alt=\"(79)\" loading=\"lazy\" \/>\t\t\t\t\t\t\t\t\t\t\t\t\t\t\t<\/div>\n\t\t\t\t\t<\/div>\n\t\t<\/div>\n\t\t\t\t\t<\/div>\n\t\t<\/section>\n\t\t\t\t\t<\/div>\n\t\t<\/div>\n\t\t\t\t\t<\/div>\n\t\t<\/section>\n\t\t\t\t<section class=\"elementor-section elementor-top-section elementor-element elementor-element-b7d2176 elementor-section-full_width elementor-section-height-default elementor-section-height-default\" data-id=\"b7d2176\" data-element_type=\"section\">\n\t\t\t\t\t\t<div class=\"elementor-container elementor-column-gap-default\">\n\t\t\t\t\t<div class=\"elementor-column elementor-col-100 elementor-top-column elementor-element elementor-element-9c87c56\" data-id=\"9c87c56\" data-element_type=\"column\">\n\t\t\t<div class=\"elementor-widget-wrap elementor-element-populated\">\n\t\t\t\t\t\t<div class=\"elementor-element elementor-element-6fcce3f elementor-widget-divider--view-line elementor-widget elementor-widget-divider\" data-id=\"6fcce3f\" data-element_type=\"widget\" data-widget_type=\"divider.default\">\n\t\t\t\t\t\t\t<div class=\"elementor-divider\">\n\t\t\t<span class=\"elementor-divider-separator\">\n\t\t\t\t\t\t<\/span>\n\t\t<\/div>\n\t\t\t\t\t\t<\/div>\n\t\t\t\t\t<\/div>\n\t\t<\/div>\n\t\t\t\t\t<\/div>\n\t\t<\/section>\n\t\t\t\t<section class=\"elementor-section elementor-top-section elementor-element elementor-element-4f406c9 elementor-section-full_width elementor-section-stretched elementor-section-height-default elementor-section-height-default\" data-id=\"4f406c9\" data-element_type=\"section\" data-settings=\"{&quot;stretch_section&quot;:&quot;section-stretched&quot;}\">\n\t\t\t\t\t\t<div class=\"elementor-container elementor-column-gap-default\">\n\t\t\t\t\t<div class=\"elementor-column elementor-col-50 elementor-top-column elementor-element elementor-element-b564446\" data-id=\"b564446\" data-element_type=\"column\">\n\t\t\t<div class=\"elementor-widget-wrap elementor-element-populated\">\n\t\t\t\t\t\t<div class=\"elementor-element elementor-element-22f8077 elementor-widget__width-initial elementor-widget elementor-widget-heading\" data-id=\"22f8077\" data-element_type=\"widget\" data-widget_type=\"heading.default\">\n\t\t\t\t\t<h2 class=\"elementor-heading-title elementor-size-default\">Ma\u0142gorzata Witkowska<\/h2>\t\t\t\t<\/div>\n\t\t\t\t<div class=\"elementor-element elementor-element-3a20dd6 elementor-widget elementor-widget-text-editor\" data-id=\"3a20dd6\" data-element_type=\"widget\" data-widget_type=\"text-editor.default\">\n\t\t\t\t\t\t\t\t\t<p>szefowa salonu fryzjerskiego z 20-letnim do\u015bwiadczeniem, kt\u00f3ra ka\u017cdego dnia z pasj\u0105 i precyzj\u0105 tworzy nie tylko fryzury, ale ca\u0142e oblicze swojego salonu. Po\u0142\u0105czenie wieloletniej praktyki z otwarto\u015bci\u0105 na nowoczesne trendy sprawia, \u017ce jej salon sta\u0142 si\u0119 miejscem, gdzie tradycyjna sztuka fryzjerstwa spotyka si\u0119<br \/>z naj\u015bwie\u017cszymi inspiracjami. Przez dwie dekady nieustannie doskonali\u0142a swoje umiej\u0119tno\u015bci, uczestnicz\u0105c w szkoleniachi eksperymentuj\u0105c z nowymi technikami. Potrafi zaoferowa\u0107 klientom nie tylko klasyczne ci\u0119cia i koloryzacje, ale r\u00f3wnie\u017c zaawansowane metody stylizacji i piel\u0119gnacji w\u0142os\u00f3w. W codziennej pracy stawia na najwy\u017csz\u0105 jako\u015b\u0107 us\u0142ug, dbaj\u0105c o ka\u017cdy szczeg\u00f3\u0142 \u2013 od pierwszego kontaktu, przez konsultacj\u0119, a\u017c po finalne wyko\u0144czenie fryzury. Indywidualne podej\u015bcie to fundament jej filozofii pracy. Potrafi ws\u0142ucha\u0107 si\u0119 w potrzeby i zaproponowa\u0107 rozwi\u0105zania dopasowane do stylu \u017cyciai osobowo\u015bci ka\u017cdej osoby. Jako liderka zespo\u0142u inspiruje wsp\u00f3\u0142pracownik\u00f3w do ci\u0105g\u0142ego rozwoju, tworz\u0105c atmosfer\u0119 wzajemnego wsparcia. Wierzy, \u017ce salon to przestrze\u0144 oparta na zaufaniu, profesjonalizmie i pasji do fryzjerstwa. Dzi\u0119ki jej zaanga\u017cowaniu klienci wracaj\u0105 nie tylko po metamorfozy, ale tak\u017ce po chwil\u0119 relaksu i pozytywnej energii. Ma\u0142gorzata Wiktorowska to dow\u00f3d, \u017ce prawdziwy profesjonalizm rodzi si\u0119z po\u0142\u0105czenia do\u015bwiadczenia, pasji i d\u0105\u017cenia do doskona\u0142o\u015bci.<\/p>\t\t\t\t\t\t\t\t<\/div>\n\t\t\t\t\t<\/div>\n\t\t<\/div>\n\t\t\t\t<div class=\"elementor-column elementor-col-50 elementor-top-column elementor-element elementor-element-c0e6ad4\" data-id=\"c0e6ad4\" data-element_type=\"column\">\n\t\t\t<div class=\"elementor-widget-wrap elementor-element-populated\">\n\t\t\t\t\t\t<div class=\"elementor-element elementor-element-80fb2e0 elementor-widget elementor-widget-image\" data-id=\"80fb2e0\" data-element_type=\"widget\" data-widget_type=\"image.default\">\n\t\t\t\t\t\t\t\t\t\t\t\t\t\t\t<img decoding=\"async\" src=\"https:\/\/margaretsalonfryzierski.pl\/wp-content\/uploads\/elementor\/thumbs\/1000026778-scaled-rj02kmhc8ak06zn8rnrv8t7pa9xsza8wxa1ft0f2hw.jpg\" title=\"1000026778\" alt=\"1000026778\" loading=\"lazy\" \/>\t\t\t\t\t\t\t\t\t\t\t\t\t\t\t<\/div>\n\t\t\t\t\t<\/div>\n\t\t<\/div>\n\t\t\t\t\t<\/div>\n\t\t<\/section>\n\t\t\t\t<section class=\"elementor-section elementor-top-section elementor-element elementor-element-d61465f elementor-section-full_width elementor-section-stretched elementor-section-height-default elementor-section-height-default\" data-id=\"d61465f\" data-element_type=\"section\" data-settings=\"{&quot;stretch_section&quot;:&quot;section-stretched&quot;}\">\n\t\t\t\t\t\t<div class=\"elementor-container elementor-column-gap-default\">\n\t\t\t\t\t<div class=\"elementor-column elementor-col-50 elementor-top-column elementor-element elementor-element-1f7e4e3\" data-id=\"1f7e4e3\" data-element_type=\"column\">\n\t\t\t<div class=\"elementor-widget-wrap elementor-element-populated\">\n\t\t\t\t\t\t<div class=\"elementor-element elementor-element-131ef72 elementor-widget elementor-widget-image\" data-id=\"131ef72\" data-element_type=\"widget\" data-widget_type=\"image.default\">\n\t\t\t\t\t\t\t\t\t\t\t\t\t\t\t<img decoding=\"async\" src=\"https:\/\/margaretsalonfryzierski.pl\/wp-content\/uploads\/elementor\/thumbs\/1000026777-scaled-rj02kipzgyeuwjspdm5cyu5uwqgc4htzkrfhvwkn6s.jpg\" title=\"1000026777\" alt=\"1000026777\" loading=\"lazy\" \/>\t\t\t\t\t\t\t\t\t\t\t\t\t\t\t<\/div>\n\t\t\t\t\t<\/div>\n\t\t<\/div>\n\t\t\t\t<div class=\"elementor-column elementor-col-50 elementor-top-column elementor-element elementor-element-27a389c\" data-id=\"27a389c\" data-element_type=\"column\">\n\t\t\t<div class=\"elementor-widget-wrap elementor-element-populated\">\n\t\t\t\t\t\t<div class=\"elementor-element elementor-element-840d6e1 elementor-widget__width-initial elementor-widget elementor-widget-heading\" data-id=\"840d6e1\" data-element_type=\"widget\" data-widget_type=\"heading.default\">\n\t\t\t\t\t<h2 class=\"elementor-heading-title elementor-size-default\">Patrycja Czy\u017c\n<\/h2>\t\t\t\t<\/div>\n\t\t\t\t<div class=\"elementor-element elementor-element-c1c73b2 elementor-widget elementor-widget-text-editor\" data-id=\"c1c73b2\" data-element_type=\"widget\" data-widget_type=\"text-editor.default\">\n\t\t\t\t\t\t\t\t\t<p>to fryzjerka z prawdziw\u0105 pasj\u0105 i 8-letnim do\u015bwiadczeniem w zawodzie, kt\u00f3ra ka\u017cdego dnia z entuzjazmem podchodzi do swojej pracy. Przez te lata zdoby\u0142a nie tylko solidne umiej\u0119tno\u015bci techniczne, ale przede wszystkim wypracowa\u0142a sw\u00f3j unikalny styl pracy oparty na empatii i autentycznej trosce o klienta. Spokojna, mi\u0142a i otwarta \u2013 te cechy sprawiaj\u0105, \u017ce ka\u017cda wizyta w jej fotelu to nie tylko profesjonalna us\u0142uga, ale tak\u017ce przyjemne do\u015bwiadczenie pe\u0142ne pozytywnej energii. Patrycja ma wyj\u0105tkowy dar tworzenia przyjaznej, swobodnej atmosfery, w kt\u00f3rej klienci mog\u0105 poczu\u0107 si\u0119 jak u dobrej znajomej. Wie, jak wa\u017cne jest, aby czas sp\u0119dzony w salonie by\u0142 momentem relaksu<br \/>i oderwania si\u0119 od codziennych obowi\u0105zk\u00f3w. Podczas ka\u017cdej wizyty potrafi nawi\u0105za\u0107 szczer\u0105 rozmow\u0119, wys\u0142ucha\u0107 z uwag\u0105 i sprawi\u0107, \u017ce klient czuje si\u0119 naprawd\u0119 zaopiekowany. Jej g\u0142\u00f3wnym celem jest, aby ka\u017cda osoba opuszczaj\u0105ca salon by\u0142a w pe\u0142ni zadowolona \u2013 nie tylko z efektu fryzury, ale r\u00f3wnie\u017c z ca\u0142ego do\u015bwiadczenia. Patrycja wierzy, \u017ce komfort klienta jest r\u00f3wnie wa\u017cny jak perfekcyjne wykonanie us\u0142ugi. Dlatego zawsze dok\u0142ada stara\u0144, by stworzy\u0107 indywidualne podej\u015bcie, zrozumie\u0107 oczekiwania<br \/>i zaproponowa\u0107 rozwi\u0105zania idealnie odpowiadaj\u0105ce potrzebom i stylowi ka\u017cdej osoby. Z Patrycj\u0105 ka\u017cda metamorfoza to przyjemno\u015b\u0107, a ka\u017cda wizyta to chwila, na kt\u00f3r\u0105 warto czeka\u0107.<\/p>\t\t\t\t\t\t\t\t<\/div>\n\t\t\t\t\t<\/div>\n\t\t<\/div>\n\t\t\t\t\t<\/div>\n\t\t<\/section>\n\t\t\t\t<\/div>\n\t\t","protected":false},"excerpt":{"rendered":"<p>O NAS \u0141\u0105czymy do\u015bwiadczenie, kreatywno\u015b\u0107i najnowsze trendy fryzjerskie. Specjalizujemy si\u0119 w nowoczesnych ci\u0119ciach, koloryzacjachi piel\u0119gnacji w\u0142os\u00f3w, dopasowanych do stylu \u017cycia [&hellip;]<\/p>\n","protected":false},"author":1,"featured_media":0,"parent":0,"menu_order":0,"comment_status":"closed","ping_status":"closed","template":"","meta":{"site-sidebar-layout":"no-sidebar","site-content-layout":"","ast-site-content-layout":"full-width-container","site-content-style":"default","site-sidebar-style":"default","ast-global-header-display":"","ast-banner-title-visibility":"","ast-main-header-display":"","ast-hfb-above-header-display":"","ast-hfb-below-header-display":"","ast-hfb-mobile-header-display":"","site-post-title":"disabled","ast-breadcrumbs-content":"","ast-featured-img":"disabled","footer-sml-layout":"","ast-disable-related-posts":"","theme-transparent-header-meta":"","adv-header-id-meta":"","stick-header-meta":"","header-above-stick-meta":"","header-main-stick-meta":"","header-below-stick-meta":"","astra-migrate-meta-layouts":"default","ast-page-background-enabled":"default","ast-page-background-meta":{"desktop":{"background-color":"var(--ast-global-color-5)","background-image":"","background-repeat":"repeat","background-position":"center center","background-size":"auto","background-attachment":"scroll","background-type":"","background-media":"","overlay-type":"","overlay-color":"","overlay-opacity":"","overlay-gradient":""},"tablet":{"background-color":"","background-image":"","background-repeat":"repeat","background-position":"center center","background-size":"auto","background-attachment":"scroll","background-type":"","background-media":"","overlay-type":"","overlay-color":"","overlay-opacity":"","overlay-gradient":""},"mobile":{"background-color":"","background-image":"","background-repeat":"repeat","background-position":"center center","background-size":"auto","background-attachment":"scroll","background-type":"","background-media":"","overlay-type":"","overlay-color":"","overlay-opacity":"","overlay-gradient":""}},"ast-content-background-meta":{"desktop":{"background-color":"var(--ast-global-color-4)","background-image":"","background-repeat":"repeat","background-position":"center center","background-size":"auto","background-attachment":"scroll","background-type":"","background-media":"","overlay-type":"","overlay-color":"","overlay-opacity":"","overlay-gradient":""},"tablet":{"background-color":"var(--ast-global-color-4)","background-image":"","background-repeat":"repeat","background-position":"center center","background-size":"auto","background-attachment":"scroll","background-type":"","background-media":"","overlay-type":"","overlay-color":"","overlay-opacity":"","overlay-gradient":""},"mobile":{"background-color":"var(--ast-global-color-4)","background-image":"","background-repeat":"repeat","background-position":"center center","background-size":"auto","background-attachment":"scroll","background-type":"","background-media":"","overlay-type":"","overlay-color":"","overlay-opacity":"","overlay-gradient":""}},"footnotes":""},"class_list":["post-105","page","type-page","status-publish","hentry"],"_links":{"self":[{"href":"https:\/\/margaretsalonfryzierski.pl\/index.php?rest_route=\/wp\/v2\/pages\/105","targetHints":{"allow":["GET"]}}],"collection":[{"href":"https:\/\/margaretsalonfryzierski.pl\/index.php?rest_route=\/wp\/v2\/pages"}],"about":[{"href":"https:\/\/margaretsalonfryzierski.pl\/index.php?rest_route=\/wp\/v2\/types\/page"}],"author":[{"embeddable":true,"href":"https:\/\/margaretsalonfryzierski.pl\/index.php?rest_route=\/wp\/v2\/users\/1"}],"replies":[{"embeddable":true,"href":"https:\/\/margaretsalonfryzierski.pl\/index.php?rest_route=%2Fwp%2Fv2%2Fcomments&post=105"}],"version-history":[{"count":41,"href":"https:\/\/margaretsalonfryzierski.pl\/index.php?rest_route=\/wp\/v2\/pages\/105\/revisions"}],"predecessor-version":[{"id":341,"href":"https:\/\/margaretsalonfryzierski.pl\/index.php?rest_route=\/wp\/v2\/pages\/105\/revisions\/341"}],"wp:attachment":[{"href":"https:\/\/margaretsalonfryzierski.pl\/index.php?rest_route=%2Fwp%2Fv2%2Fmedia&parent=105"}],"curies":[{"name":"wp","href":"https:\/\/api.w.org\/{rel}","templated":true}]}}